{"id":99,"date":"2023-11-26T12:50:20","date_gmt":"2023-11-26T11:50:20","guid":{"rendered":"https:\/\/sciences-tec.fr\/madein3D\/?page_id=99"},"modified":"2024-02-07T00:11:36","modified_gmt":"2024-02-06T23:11:36","slug":"objectif2","status":"publish","type":"page","link":"https:\/\/sciences-tec.fr\/madein3D\/objectif2\/","title":{"rendered":"Phase#2"},"content":{"rendered":"<p><iframe style=\"width: 100%;margin: 0; border:none;\" src=\"https:\/\/sciences-tec.fr\/madein3D\/compterebours\/week.php\"><\/iframe><\/p>\n\n\n\n<p><strong>L&rsquo;ensemble des t\u00e2ches est \u00e0 r\u00e9aliser pour la fin de la <mark style=\"background-color:rgba(0, 0, 0, 0)\" class=\"has-inline-color has-accent-color\">semaine <\/mark>8 avant les vacances (vendredi 15 mars 2024 envoi pour le concours).<\/strong><br><strong><mark style=\"background-color:rgba(0, 0, 0, 0)\" class=\"has-inline-color has-vivid-red-color\">Chaque t\u00e2che r\u00e9alis\u00e9e occasionnera un article sur votre site d&rsquo;\u00e9quipe.<\/mark><\/strong><br>Rappel : r\u00e9alisez des captures d&rsquo;\u00e9cran avec sur PC l&rsquo;outil, bien nomm\u00e9, Outil Capture d&rsquo;\u00e9cran :<\/p>\n\n\n\n<figure class=\"wp-block-image size-full\"><img loading=\"lazy\" decoding=\"async\" width=\"280\" height=\"64\" src=\"https:\/\/sciences-tec.fr\/madein3D\/wp-content\/uploads\/2024\/01\/outil_capture.jpg\" alt=\"\" class=\"wp-image-314\"\/><\/figure>\n\n\n\n<h2 class=\"wp-block-heading\">R\u00e9partition des t\u00e2ches par l&rsquo;\u00e9quipe elle-m\u00eame<br>(n&rsquo;oubliez pas que vous avez tout de m\u00eame des r\u00f4les)<\/h2>\n\n\n\n<p><\/p>\n\n\n\n<p><strong>&#8211;  expliquer le fonctionnement de votre produit final : \u00c0 quoi sert-il ? Pourquoi est-ce important ? Comment s&rsquo;en servir ?<\/strong><br>&#8211; chaque \u00e9l\u00e8ve ajoute son avatar \u00e0 son profil.<br>&#8211; achever les t\u00e2ches de la phase 1 (si besoin).<br>&#8211; lire les attendus de la phase 2 (documents ci-dessous).<br>&#8211; r\u00e9aliser des dessins sur papier de l&rsquo;objet \u00e0 mod\u00e9liser.<br>&#8211; r\u00e9aliser les figures g\u00e9om\u00e9triques simples (cube, pyramide, cylindre, sph\u00e8re, etc.).<br>&#8211; mod\u00e9liser en 3D votre objet avec Solidworks (demandez de l&rsquo;aide au professeur).<\/p>\n\n\n\n<figure class=\"wp-block-image size-large\"><img loading=\"lazy\" decoding=\"async\" width=\"983\" height=\"1024\" src=\"https:\/\/sciences-tec.fr\/madein3D\/wp-content\/uploads\/2024\/01\/forme_geometrique-1-983x1024.png\" alt=\"\" class=\"wp-image-312\" srcset=\"https:\/\/sciences-tec.fr\/madein3D\/wp-content\/uploads\/2024\/01\/forme_geometrique-1-983x1024.png 983w, https:\/\/sciences-tec.fr\/madein3D\/wp-content\/uploads\/2024\/01\/forme_geometrique-1-288x300.png 288w, https:\/\/sciences-tec.fr\/madein3D\/wp-content\/uploads\/2024\/01\/forme_geometrique-1-768x800.png 768w, https:\/\/sciences-tec.fr\/madein3D\/wp-content\/uploads\/2024\/01\/forme_geometrique-1.png 1300w\" sizes=\"auto, (max-width: 767px) 89vw, (max-width: 1000px) 54vw, (max-width: 1071px) 543px, 580px\" \/><\/figure>\n\n\n\n<h2 class=\"wp-block-heading\">Le livrable n\u00b02 doit contenir au minimum :<\/h2>\n\n\n\n<p><strong>Carte d\u2019identit\u00e9<\/strong><br>\u25aa Etablissement :<br>\u25aa Ville :<br>\u25aa Classe :<br>\u25aa Nom de la startup :<br>\u25aa Membres de la startup :<br>\u25aa Nom du produit :<br><strong>Recherche de diff\u00e9rentes solutions<\/strong><br>\u25aa Copier\/coller des preuves suivant plusieurs points de vue (photos, dessins, copies d\u2019\u00e9cran SolidWorks ou<br>maquettes r\u00e9elles de vos recherches de diff\u00e9rentes solutions\u2026) :<br>S\u00e9lection de la solution retenue<br>\u25aa Expliquer le cheminement de vos id\u00e9es pour aboutir \u00e0 la s\u00e9lection d\u2019une seule solution (hypoth\u00e8ses, param\u00e8tres<br>d\u2019essais, tests\u2026) :<br>\u25aa Certaines solutions ont \u00e9t\u00e9 \u00e9cart\u00e9es, pourquoi ? Argumenter votre choix de solution :<br>Prototype final<br>\u25aa Copier\/coller des photos suivant plusieurs points de vue du prototype r\u00e9alis\u00e9 par impression 3D :<br><strong>\u25aa Expliquer le fonctionnement de votre produit final :<\/strong><br>Bilan de la conception et de la r\u00e9alisation du produit<br>\u25aa Indiquer les \u00e9carts entre l\u2019id\u00e9e de d\u00e9part, la conception et la r\u00e9alisation finale de votre produit :<br>\u25aa Pr\u00e9ciser les difficult\u00e9s rencontr\u00e9es (utilisation du logiciel CAO, de l\u2019imprimante 3D, travail de groupe\u2026) :<br>\u25aa Proposer des voies d\u2019am\u00e9liorations possibles de votre produit :<br>\u25aa Quels enseignements retenez-vous de vos travaux ?<\/p>\n\n\n\n<div data-wp-interactive=\"core\/file\" class=\"wp-block-file\"><object data-wp-bind--hidden=\"!state.hasPdfPreview\" hidden class=\"wp-block-file__embed\" data=\"https:\/\/sciences-tec.fr\/madein3D\/wp-content\/uploads\/2023\/11\/2LAMAP-Ressources-phase-2-Conception-et-creation_compressed.pdf\" type=\"application\/pdf\" style=\"width:100%;height:600px\" aria-label=\"Contenu embarqu\u00e9 2LAMAP - Ressources phase 2 - Conception et cr\u00e9ation_compressed.\"><\/object><a id=\"wp-block-file--media-13708653-2a67-4950-9411-bb4a55c99cdc\" href=\"https:\/\/sciences-tec.fr\/madein3D\/wp-content\/uploads\/2023\/11\/2LAMAP-Ressources-phase-2-Conception-et-creation_compressed.pdf\">2LAMAP &#8211; Ressources phase 2 &#8211; Conception et cr\u00e9ation_compressed<\/a><a href=\"https:\/\/sciences-tec.fr\/madein3D\/wp-content\/uploads\/2023\/11\/2LAMAP-Ressources-phase-2-Conception-et-creation_compressed.pdf\" class=\"wp-block-file__button wp-element-button\" download aria-describedby=\"wp-block-file--media-13708653-2a67-4950-9411-bb4a55c99cdc\">T\u00e9l\u00e9charger<\/a><\/div>\n","protected":false},"excerpt":{"rendered":"<p>L&rsquo;ensemble des t\u00e2ches est \u00e0 r\u00e9aliser pour la fin de la semaine 8 avant les vacances (vendredi 15 mars 2024 envoi pour le concours).Chaque t\u00e2che r\u00e9alis\u00e9e occasionnera un article sur votre site d&rsquo;\u00e9quipe.Rappel : r\u00e9alisez des captures d&rsquo;\u00e9cran avec sur PC l&rsquo;outil, bien nomm\u00e9, Outil Capture d&rsquo;\u00e9cran : R\u00e9partition des t\u00e2ches par l&rsquo;\u00e9quipe elle-m\u00eame(n&rsquo;oubliez pas &hellip; <\/p>\n<p class=\"link-more\"><a href=\"https:\/\/sciences-tec.fr\/madein3D\/objectif2\/\" class=\"more-link\">Continuer la lecture<span class=\"screen-reader-text\"> de &laquo;&nbsp;Phase#2&nbsp;&raquo;<\/span><\/a><\/p>\n","protected":false},"author":1,"featured_media":0,"parent":0,"menu_order":0,"comment_status":"closed","ping_status":"closed","template":"","meta":{"footnotes":""},"class_list":["post-99","page","type-page","status-publish","hentry"],"_links":{"self":[{"href":"https:\/\/sciences-tec.fr\/madein3D\/wp-json\/wp\/v2\/pages\/99","targetHints":{"allow":["GET"]}}],"collection":[{"href":"https:\/\/sciences-tec.fr\/madein3D\/wp-json\/wp\/v2\/pages"}],"about":[{"href":"https:\/\/sciences-tec.fr\/madein3D\/wp-json\/wp\/v2\/types\/page"}],"author":[{"embeddable":true,"href":"https:\/\/sciences-tec.fr\/madein3D\/wp-json\/wp\/v2\/users\/1"}],"replies":[{"embeddable":true,"href":"https:\/\/sciences-tec.fr\/madein3D\/wp-json\/wp\/v2\/comments?post=99"}],"version-history":[{"count":19,"href":"https:\/\/sciences-tec.fr\/madein3D\/wp-json\/wp\/v2\/pages\/99\/revisions"}],"predecessor-version":[{"id":320,"href":"https:\/\/sciences-tec.fr\/madein3D\/wp-json\/wp\/v2\/pages\/99\/revisions\/320"}],"wp:attachment":[{"href":"https:\/\/sciences-tec.fr\/madein3D\/wp-json\/wp\/v2\/media?parent=99"}],"curies":[{"name":"wp","href":"https:\/\/api.w.org\/{rel}","templated":true}]}}