{"id":97,"date":"2023-11-26T12:50:02","date_gmt":"2023-11-26T11:50:02","guid":{"rendered":"https:\/\/sciences-tec.fr\/madein3D\/?page_id=97"},"modified":"2024-01-17T23:22:13","modified_gmt":"2024-01-17T22:22:13","slug":"objectif1","status":"publish","type":"page","link":"https:\/\/sciences-tec.fr\/madein3D\/objectif1\/","title":{"rendered":"Phase#1"},"content":{"rendered":"<p><iframe style=\"width: 100%;margin: 0; border:none;\" src=\"https:\/\/sciences-tec.fr\/madein3D\/compterebours\/week.php\"><\/iframe><\/p>\n\n\n\n<p><strong>L&rsquo;ensemble des t\u00e2ches est \u00e0 r\u00e9aliser pour la fin de la <mark style=\"background-color:rgba(0, 0, 0, 0)\" class=\"has-inline-color has-accent-color\">semaine 50<\/mark> <strong>(soit 3 semaines, vendredi 15 d\u00e9cembre 2024)<\/strong>.<\/strong><br><strong>Chaque t\u00e2che r\u00e9alis\u00e9e occasionnera un article sur votre site d&rsquo;\u00e9quipe.<\/strong><\/p>\n\n\n\n<p><strong><mark style=\"background-color:rgba(0, 0, 0, 0)\" class=\"has-inline-color has-vivid-red-color\">Chaque membre de l&rsquo;\u00e9quipe publiera son travail avec son propre compte (son identifiant) !<\/mark><\/strong><br>Vous devez collaborer et vous entraider mais je dois identifier clairement le travail de chacun tout au long du projet.<\/p>\n\n\n\n<div data-wp-interactive=\"core\/file\" class=\"wp-block-file\"><object data-wp-bind--hidden=\"!state.hasPdfPreview\" hidden class=\"wp-block-file__embed\" data=\"https:\/\/sciences-tec.fr\/madein3D\/wp-content\/uploads\/2023\/11\/1LAMAP-Ressources-phase-1-Mise-en-place-et-ideation_compressed.pdf\" type=\"application\/pdf\" style=\"width:100%;height:600px\" aria-label=\"Contenu embarqu\u00e9 1LAMAP - Ressources phase 1 - Mise en place et id\u00e9ation_compressed.\"><\/object><a id=\"wp-block-file--media-ae21e674-6fd7-4f25-8745-1467d571e72a\" href=\"https:\/\/sciences-tec.fr\/madein3D\/wp-content\/uploads\/2023\/11\/1LAMAP-Ressources-phase-1-Mise-en-place-et-ideation_compressed.pdf\">1LAMAP &#8211; Ressources phase 1 &#8211; Mise en place et id\u00e9ation_compressed<\/a><a href=\"https:\/\/sciences-tec.fr\/madein3D\/wp-content\/uploads\/2023\/11\/1LAMAP-Ressources-phase-1-Mise-en-place-et-ideation_compressed.pdf\" class=\"wp-block-file__button wp-element-button\" download aria-describedby=\"wp-block-file--media-ae21e674-6fd7-4f25-8745-1467d571e72a\">T\u00e9l\u00e9charger<\/a><\/div>\n\n\n\n<h2 class=\"wp-block-heading\"><strong>Projet Manager<\/strong><\/h2>\n\n\n\n<p>\u2022 Conduit la r\u00e9flexion qui fait \u00e9merger les id\u00e9es (brainstorming) de votre startup.<br>\u2022 S&rsquo;assure de la r\u00e9alisation des t\u00e2ches et du respect des contraintes pour la phase 1 en consultant attentivement le document ci-dessus. Il a les droits pour modifier les articles de ses \u00e9quipiers.<br>\u2022 Recherche un nom pour les produits imagin\u00e9s.<\/p>\n\n\n\n<h2 class=\"wp-block-heading\"><strong>Marketing\u00a0et Communication Manager<\/strong><\/h2>\n\n\n\n<p>\u2022 Imagine un nom  pour votre startup en explorant les quatre m\u00e9thodes d\u00e9crites dans cette <a href=\"https:\/\/sciences-tec.fr\/madein3D\/blog\/2023\/11\/26\/nom-dequipe\/\" data-type=\"post\" data-id=\"194\">Ressource<\/a> et r\u00e9dige un article avec un paragraphe pour chacune d&rsquo;entre elles.<br>\u2022 V\u00e9rifie que le nom imagin\u00e9 est libre de droit  (<a href=\"https:\/\/data.inpi.fr\/search?advancedSearch=%257B%257D&amp;displayStyle=List&amp;filter=%257B%257D&amp;nbResultsPerPage=20&amp;order=asc&amp;page=1&amp;q=&amp;sort=relevance&amp;type=brands\" data-type=\"link\" data-id=\"https:\/\/data.inpi.fr\/search?advancedSearch=%257B%257D&amp;displayStyle=List&amp;filter=%257B%257D&amp;nbResultsPerPage=20&amp;order=asc&amp;page=1&amp;q=&amp;sort=relevance&amp;type=brands\" target=\"_blank\" rel=\"noreferrer noopener\">site INPI<\/a>), r\u00e9alise une capture d&rsquo;\u00e9cran et ajoute-la \u00e0 ton article.<br>\u2022 R\u00e9dige un autre article pour pr\u00e9senter le coll\u00e8ge : voici une <a href=\"https:\/\/www.letudiant.fr\/college\/annuaire-des-colleges\/fiche\/college-andre-raimbourg-dit-bourvil-76.html\" data-type=\"link\" data-id=\"https:\/\/www.letudiant.fr\/college\/annuaire-des-colleges\/fiche\/college-andre-raimbourg-dit-bourvil-76.html\" target=\"_blank\" rel=\"noreferrer noopener\">Ressource<\/a>. Cherche d&rsquo;autres informations, r\u00e9alise des captures d&rsquo;\u00e9cran de la localisation (google maps), d\u00e9crit notre r\u00e9gion et  Doudeville, explique d&rsquo;o\u00f9 vient le nom du coll\u00e8ge&#8230;<\/p>\n\n\n\n<h2 class=\"wp-block-heading\"><strong>Style et Design Manager<\/strong><\/h2>\n\n\n\n<p>\u2022 Dessine des croquis du logo de votre startup et publie tous tes dessins (m\u00eame ceux que tu ne conserveras pas) sur ton site dans un article. Donne des explications : <a href=\"https:\/\/agentmajeur.fr\/caracteristiques-bon-logo\/\">Ressource<\/a><br>\u2022 R\u00e9alise un logo de votre startup \u00e0 l&rsquo;aide d&rsquo;un des sites suivants : <br>&#8211; <a href=\"https:\/\/www.logogenie.fr\/\" target=\"_blank\" rel=\"noreferrer noopener\">https:\/\/www.logogenie.fr\/<\/a><br>&#8211; <a href=\"https:\/\/smashinglogo.com\/fr\/\" target=\"_blank\" rel=\"noreferrer noopener\">https:\/\/smashinglogo.com\/fr\/<\/a><br>&#8211; <a href=\"https:\/\/www.logomaker.com\/fr\/\" target=\"_blank\" rel=\"noreferrer noopener\">https:\/\/www.logomaker.com\/fr\/<\/a><br>Enregistre ton travail dans \u00ab\u00a0Documents\u00a0\u00bb et t\u00e9l\u00e9verse-le r\u00e9guli\u00e8rement dans la m\u00e9diath\u00e8que de ton site.<\/p>\n\n\n\n<h2 class=\"wp-block-heading\"><strong>Conception et Fabrication Manager<\/strong><\/h2>\n\n\n\n<p>\u2022 Dessine des croquis des futurs produits (m\u00eame ceux que tu ne conserveras pas) et publie tes dessins sur ton site dans un article.<br>\u2022 Liste les mat\u00e9riaux, les machines et les technologies n\u00e9cessaires au projet puis r\u00e9dige un article illustr\u00e9.<\/p>\n\n\n\n<h2 class=\"wp-block-heading\"><strong>Content Manager<\/strong><\/h2>\n\n\n\n<p>\u2022 R\u00e9dige une pr\u00e9sentation de l&rsquo;\u00e9quipe : r\u00f4les et qualit\u00e9s de chacun. <a href=\"https:\/\/sciences-tec.fr\/madein3D\/blog\/2023\/11\/26\/notre-equipe-et-ses-qualites\/\" data-type=\"post\" data-id=\"174\" target=\"_blank\" rel=\"noreferrer noopener\">Ressource<\/a><br>\u2022 R\u00e9alise un avatar de chaque \u00e9l\u00e8ve et enregistre-le dans la m\u00e9diath\u00e8que de votre site  (pas de photographies des visages des \u00e9l\u00e8ves). <a href=\"https:\/\/ladigitale.dev\/digiface\/#\/\" data-type=\"link\" data-id=\"https:\/\/ladigitale.dev\/digiface\/#\/\" target=\"_blank\" rel=\"noreferrer noopener\">Ressource<\/a><br>\u2022 R\u00e9alise le livrable de la phase 1 (Powerpoint de \u00ab\u00a0Bureautique en ligne\u00a0\u00bb est conseill\u00e9). Il faut y int\u00e8grer les r\u00e9alisations de tous ses co-\u00e9quipiers (brainstorming, logo, pr\u00e9sentation d&rsquo;\u00e9quipe&#8230;).<\/p>\n\n\n\n<h2 class=\"wp-block-heading\"><strong>Le livrable n\u00b01 doit contenir au minimum :<\/strong><\/h2>\n\n\n\n<p><strong>La carte d\u2019identit\u00e9<\/strong><br>\u25aa Etablissement :<br>\u25aa Ville :<br>\u25aa Classe :<br>\u25aa Nom de la startup :<br>\u25aa Membres de la startup :<br>\u25aa Notion de valeur commune qui vous lie :<br>\u25aa Logo de la startup :<br><strong>Le produit que votre startup veut lancer<\/strong><br>\u25aa Nom du produit :<br>\u25aa Quelles sont les caract\u00e9ristiques de votre produit ? :<br>\u25aa D\u00e9crivez sa fonction d\u2019usage en quelques mots :<br>\u25aa Qui sont les utilisateurs finaux, les \u201cclients\u201d qui pourront acheter votre produit ? :<br>\u25aa A qui serait-il utile ? :<br>\u25aa Illustrer par une image \/ un sch\u00e9ma explicatif le fonctionnement de votre produit :<br><strong>Les objectifs<\/strong><br>\u25aa Quels sont les atout de votre produit ? :<br>\u25aa Quelles sont les valeurs communiqu\u00e9es par le produit ? :<br>\u25aa Comment avez-vous r\u00e9fl\u00e9chi \u00e0 la relation entre l&rsquo;objet et son utilisateur ? :<br><strong>Les autres illustrations<\/strong><br>\u25aa Des images, des dessins, des informations et des caract\u00e9ristiques compl\u00e9mentaires de votre produit :<br><strong>Les autres id\u00e9es que vous avez explor\u00e9 pour votre produit<\/strong><br>\u25aa Liste d\u2019autres id\u00e9es\/produits que vous avez explor\u00e9s :<br>\u25aa Raisons pour lesquelles vous avez choisi de ne pas r\u00e9aliser ces produits :<\/p>\n\n\n<div class=\"flexslider ewic-slider-lite is_on_\" id=\"ewic-con-11469e409a785978\"><div id=\"preloader-11469e409a785978\" class=\"sliderpreloader\"><\/div><ul style=\"display:none;\" class=\"slides flexslider-11469e409a785978\"><li class=\"ewic-slider\"><img decoding=\"async\" title=\"Id\u00e9e\" class=\"ewic-wid-imgs\" src=\"https:\/\/sciences-tec.fr\/madein3D\/wp-content\/uploads\/2023\/11\/OIG-23.jpg\" \/><p class=\"flex-caption\">Id\u00e9e<\/p><\/li><li class=\"ewic-slider\"><img decoding=\"async\" title=\"Conception\" class=\"ewic-wid-imgs\" src=\"https:\/\/sciences-tec.fr\/madein3D\/wp-content\/uploads\/2023\/11\/OIG.oA6JBnjk.jpg\" \/><p class=\"flex-caption\">Conception<\/p><\/li><li class=\"ewic-slider\"><img decoding=\"async\" title=\"Collaboration\" class=\"ewic-wid-imgs\" src=\"https:\/\/sciences-tec.fr\/madein3D\/wp-content\/uploads\/2023\/11\/OIG-22.jpg\" \/><p class=\"flex-caption\">Collaboration<\/p><\/li><\/ul><script type=\"text\/javascript\">\r\n\tjQuery(document).ready(function($) {\r\n\r\n\t\t$(\"#preloader-11469e409a785978\").fadeOut(500, function () {\r\n\r\n\t\t\t$(\"#ewic-con-11469e409a785978\").addClass(\"ready_to_show\");\r\n\r\n\t\t\t$(\"a[rel^='ewicprettyPhoto[11469e409a785978]']\").ewcPhoto({\r\n\t\t\t\ttheme: \"ewc_default\",\r\n\t\t\t\tallow_expand: false,\r\n\t\t\t\tdeeplinking: false,\r\n\t\t\t\tslideshow:5000,\r\n\t\t\t\tautoplay_slideshow:false,\r\n\t\t\t\tsocial_tools:false\r\n\t\t\t});\r\n\r\n\t\t\t$(\".flexslider-11469e409a785978\").fadeIn(300);\r\n\r\n\t\t\t$(\"#ewic-con-11469e409a785978\").flexslider({\r\n\t\t\t\tanimation: \"slide\",\r\n\t\t\t\tanimationSpeed: 0,\r\n\t\t\t\tuseCSS: false,\r\n\t\t\t\teasing: \"easeInQuad\",\r\n\t\t\t\tdirection: \"horizontal\",\r\n\t\t\t\tslideshow: true,\r\n\t\t\t\tsmoothHeight: true,\r\n\t\t\t\tpauseOnHover: true,\r\n\t\t\t\tcontrolNav: false,\r\n\t\t\t\tprevText: \"\",\r\n\t\t\t\tnextText: \"\",\r\n\t\t\t\trtl: false,\r\n\t\t\t\tslideshowSpeed: 5000,\r\n\t\t\t\tstart: function(slider){\r\n\t\t\t\t\t$(\"#ewic-con-11469e409a785978\").find(\".flex-caption\").hide();\r\n\t\t\t\t\tvar curSlide = slider.find(\"li.flex-active-slide\");\r\n\t\t\t\t\t$(curSlide).find(\".flex-caption\").slideDown();\r\n\t\t\t\t},\r\n\t\t\t\tbefore: function(slider) {\r\n\t\t\t\t\t$(\"#ewic-con-11469e409a785978\").find(\".flex-caption\").slideUp();\r\n\t\t\t\t},\r\n\t\t\t\tafter: function(slider) {\r\n\t\t\t\t\tvar curSlide = slider.find(\"li.flex-active-slide\");\r\n\t\t\t\t\t$(curSlide).find(\".flex-caption\").slideDown();\r\n\t\t\t\t}\r\n\r\n\t\t\t});\r\n\r\n\t\t});\r\n\r\n\t});\r\n<\/script><\/div>\r\n","protected":false},"excerpt":{"rendered":"<p>L&rsquo;ensemble des t\u00e2ches est \u00e0 r\u00e9aliser pour la fin de la semaine 50 (soit 3 semaines, vendredi 15 d\u00e9cembre 2024).Chaque t\u00e2che r\u00e9alis\u00e9e occasionnera un article sur votre site d&rsquo;\u00e9quipe. Chaque membre de l&rsquo;\u00e9quipe publiera son travail avec son propre compte (son identifiant) !Vous devez collaborer et vous entraider mais je dois identifier clairement le travail &hellip; <\/p>\n<p class=\"link-more\"><a href=\"https:\/\/sciences-tec.fr\/madein3D\/easyimagesldr\/114\/\" class=\"more-link\">Continuer la lecture<span class=\"screen-reader-text\"> de &laquo;&nbsp;id\u00e9ation&nbsp;&raquo;<\/span><\/a><\/p>\n","protected":false},"author":1,"featured_media":0,"parent":0,"menu_order":0,"comment_status":"closed","ping_status":"closed","template":"","meta":{"footnotes":""},"class_list":["post-97","page","type-page","status-publish","hentry"],"_links":{"self":[{"href":"https:\/\/sciences-tec.fr\/madein3D\/wp-json\/wp\/v2\/pages\/97","targetHints":{"allow":["GET"]}}],"collection":[{"href":"https:\/\/sciences-tec.fr\/madein3D\/wp-json\/wp\/v2\/pages"}],"about":[{"href":"https:\/\/sciences-tec.fr\/madein3D\/wp-json\/wp\/v2\/types\/page"}],"author":[{"embeddable":true,"href":"https:\/\/sciences-tec.fr\/madein3D\/wp-json\/wp\/v2\/users\/1"}],"replies":[{"embeddable":true,"href":"https:\/\/sciences-tec.fr\/madein3D\/wp-json\/wp\/v2\/comments?post=97"}],"version-history":[{"count":49,"href":"https:\/\/sciences-tec.fr\/madein3D\/wp-json\/wp\/v2\/pages\/97\/revisions"}],"predecessor-version":[{"id":279,"href":"https:\/\/sciences-tec.fr\/madein3D\/wp-json\/wp\/v2\/pages\/97\/revisions\/279"}],"wp:attachment":[{"href":"https:\/\/sciences-tec.fr\/madein3D\/wp-json\/wp\/v2\/media?parent=97"}],"curies":[{"name":"wp","href":"https:\/\/api.w.org\/{rel}","templated":true}]}}