{"id":95,"date":"2023-11-26T12:49:29","date_gmt":"2023-11-26T11:49:29","guid":{"rendered":"https:\/\/sciences-tec.fr\/madein3D\/?page_id=95"},"modified":"2023-11-26T22:00:08","modified_gmt":"2023-11-26T21:00:08","slug":"les-equipes","status":"publish","type":"page","link":"https:\/\/sciences-tec.fr\/madein3D\/les-equipes\/","title":{"rendered":"Les Startups"},"content":{"rendered":"\n<figure class=\"wp-block-table\"><table><tbody><tr><td><a target=\"_blank\" href=\"https:\/\/sciences-tec.fr\/madein3D\/doud01\/\" rel=\"noopener\"><img decoding=\"async\" style=\"width:30%;\" src=\"https:\/\/sciences-tec.fr\/madein3D\/wp-content\/uploads\/2023\/11\/site2.png\" alt=\"acc\u00e8s site\"><\/a><\/td><td class=\"has-text-align-center\" data-align=\"center\">Quentin, Arthur, Emma, Luz, Jorlan et Antoine<\/td><td><a target=\"_blank\" href=\"https:\/\/sciences-tec.fr\/madein3D\/doud01\/wp-login.php?\" rel=\"noopener\"><img decoding=\"async\" style=\"width:30%;\" src=\"https:\/\/sciences-tec.fr\/madein3D\/wp-content\/uploads\/2023\/11\/connexion2.png\" alt=\"connexion\"><\/a><\/td><\/tr><tr><td><a target=\"_blank\" href=\"https:\/\/sciences-tec.fr\/madein3D\/doud02\/\" rel=\"noopener\"><img decoding=\"async\" style=\"width:30%;\" src=\"https:\/\/sciences-tec.fr\/madein3D\/wp-content\/uploads\/2023\/11\/site2.png\" alt=\"acc\u00e8s site\"><\/a><\/td><td class=\"has-text-align-center\" data-align=\"center\">Am\u00e9lia, Otilia, Noa, Jules et Nsoah<\/td><td><a target=\"_blank\" href=\"https:\/\/sciences-tec.fr\/madein3D\/doud02\/wp-login.php?\" rel=\"noopener\"><img decoding=\"async\" style=\"width:30%;\" src=\"https:\/\/sciences-tec.fr\/madein3D\/wp-content\/uploads\/2023\/11\/connexion2.png\" alt=\"connexion\"><\/a><\/td><\/tr><tr><td><a target=\"_blank\" href=\"https:\/\/sciences-tec.fr\/madein3D\/doud03\/\" rel=\"noopener\"><img decoding=\"async\" style=\"width:30%;\" src=\"https:\/\/sciences-tec.fr\/madein3D\/wp-content\/uploads\/2023\/11\/site2.png\" alt=\"acc\u00e8s site\"><\/a><\/td><td class=\"has-text-align-center\" data-align=\"center\">Victoire, L\u00e9ana, H\u00e9l\u00e8ne, Tymoth\u00e9e, Samuel et Esteban<\/td><td><a target=\"_blank\" href=\"https:\/\/sciences-tec.fr\/madein3D\/doud03\/wp-login.php?\" rel=\"noopener\"><img decoding=\"async\" style=\"width:30%;\" src=\"https:\/\/sciences-tec.fr\/madein3D\/wp-content\/uploads\/2023\/11\/connexion2.png\" alt=\"connexion\"><\/a><\/td><\/tr><tr><td><a target=\"_blank\" href=\"https:\/\/sciences-tec.fr\/madein3D\/doud04\/\" rel=\"noopener\"><img decoding=\"async\" style=\"width:30%;\" src=\"https:\/\/sciences-tec.fr\/madein3D\/wp-content\/uploads\/2023\/11\/site2.png\" alt=\"acc\u00e8s site\"><\/a><\/td><td class=\"has-text-align-center\" data-align=\"center\">Maxime, Brewen, Lucas, Leyah et La\u00efna<\/td><td><a target=\"_blank\" href=\"https:\/\/sciences-tec.fr\/madein3D\/doud04\/wp-login.php?\" rel=\"noopener\"><img decoding=\"async\" style=\"width:30%;\" src=\"https:\/\/sciences-tec.fr\/madein3D\/wp-content\/uploads\/2023\/11\/connexion2.png\" alt=\"connexion\"><\/a><\/td><\/tr><tr><td><a target=\"_blank\" href=\"https:\/\/sciences-tec.fr\/madein3D\/doud05\/\" rel=\"noopener\"><img decoding=\"async\" style=\"width:30%;\" src=\"https:\/\/sciences-tec.fr\/madein3D\/wp-content\/uploads\/2023\/11\/site2.png\" alt=\"acc\u00e8s site\"><\/a><\/td><td class=\"has-text-align-center\" data-align=\"center\">Raphael, Baptiste, Lola, Rose et Alexis<\/td><td><a target=\"_blank\" href=\"https:\/\/sciences-tec.fr\/madein3D\/doud05\/wp-login.php?\" rel=\"noopener\"><img decoding=\"async\" style=\"width:30%;\" src=\"https:\/\/sciences-tec.fr\/madein3D\/wp-content\/uploads\/2023\/11\/connexion2.png\" alt=\"connexion\"><\/a><\/td><\/tr><\/tbody><\/table><figcaption class=\"wp-element-caption\"><\/figcaption><\/figure>\n\n\n\n<p><a href=\"https:\/\/sciences-tec.fr\/madein3D\/doud01\/wp-login.php?\" target=\"_blank\" rel=\"noreferrer noopener\"><\/a><a href=\"https:\/\/sciences-tec.fr\/madein3D\/doud01\/wp-login.php?\" target=\"_blank\" rel=\"noreferrer noopener\"><\/a><\/p>\n","protected":false},"excerpt":{"rendered":"<p>Quentin, Arthur, Emma, Luz, Jorlan et Antoine Am\u00e9lia, Otilia, Noa, Jules et Nsoah Victoire, L\u00e9ana, H\u00e9l\u00e8ne, Tymoth\u00e9e, Samuel et Esteban Maxime, Brewen, Lucas, Leyah et La\u00efna Raphael, Baptiste, Lola, Rose et Alexis<\/p>\n","protected":false},"author":1,"featured_media":0,"parent":0,"menu_order":0,"comment_status":"closed","ping_status":"closed","template":"","meta":{"footnotes":""},"class_list":["post-95","page","type-page","status-publish","hentry"],"_links":{"self":[{"href":"https:\/\/sciences-tec.fr\/madein3D\/wp-json\/wp\/v2\/pages\/95","targetHints":{"allow":["GET"]}}],"collection":[{"href":"https:\/\/sciences-tec.fr\/madein3D\/wp-json\/wp\/v2\/pages"}],"about":[{"href":"https:\/\/sciences-tec.fr\/madein3D\/wp-json\/wp\/v2\/types\/page"}],"author":[{"embeddable":true,"href":"https:\/\/sciences-tec.fr\/madein3D\/wp-json\/wp\/v2\/users\/1"}],"replies":[{"embeddable":true,"href":"https:\/\/sciences-tec.fr\/madein3D\/wp-json\/wp\/v2\/comments?post=95"}],"version-history":[{"count":13,"href":"https:\/\/sciences-tec.fr\/madein3D\/wp-json\/wp\/v2\/pages\/95\/revisions"}],"predecessor-version":[{"id":222,"href":"https:\/\/sciences-tec.fr\/madein3D\/wp-json\/wp\/v2\/pages\/95\/revisions\/222"}],"wp:attachment":[{"href":"https:\/\/sciences-tec.fr\/madein3D\/wp-json\/wp\/v2\/media?parent=95"}],"curies":[{"name":"wp","href":"https:\/\/api.w.org\/{rel}","templated":true}]}}