{"id":103,"date":"2023-11-26T12:51:48","date_gmt":"2023-11-26T11:51:48","guid":{"rendered":"https:\/\/sciences-tec.fr\/madein3D\/?page_id=103"},"modified":"2024-01-21T20:22:37","modified_gmt":"2024-01-21T19:22:37","slug":"made-in-3d","status":"publish","type":"page","link":"https:\/\/sciences-tec.fr\/madein3D\/","title":{"rendered":"Les principaux jalons du concours"},"content":{"rendered":"\n<p><a href=\"https:\/\/vimeo.com\/883003027\/f97866f461?share=copy\" data-type=\"link\" data-id=\"https:\/\/vimeo.com\/883003027\/f97866f461?share=copy\" target=\"_blank\" rel=\"noreferrer noopener\">Situation d\u00e9clanchante <\/a><\/p>\n\n\n\n<p><strong> Septembre &#8211; d\u00e9cembre : phase de mise en place et id\u00e9ation<\/strong>&nbsp;<br>Cr\u00e9ation des startups, phase de brainstorming, choix du sujet et \u00e9laboration du logo&nbsp;<br><strong>Livrable<\/strong> : r\u00e9alisation d\u2019une pr\u00e9sentation r\u00e9sumant la mise en place du &nbsp;projet au sein des start-up.<\/p>\n\n\n\n<p><strong>Janvier &#8211; mars : phase de conception et fabrication<\/strong><br>Conception, comparatif, tests, fabrication des produits par les startups.<br><strong>Livrable<\/strong> : publication des mod\u00e8les 3D sur &nbsp;la plateforme d\u00e9di\u00e9e (un par startup).<\/p>\n\n\n\n<p><strong>Avril &#8211; juin : phase de promotion et valorisation<\/strong><br>Marketing du &nbsp;produit, pr\u00e9paration et \u00e9laboration du clip promotionnel, s\u00e9lection des finalistes, finale.<br><strong>Livrable<\/strong> : publication du clip sur la plateforme d\u2019\u00e9change.<\/p>\n\n\n\n<p>La finale aura lieu en juin 2024 sur le campus de Dassault Syst\u00e8mes \u00e0 V\u00e9lizy.<\/p>\n\n\n<div class=\"flexslider ewic-slider-lite is_on_\" id=\"ewic-con-20869e3f5be2da66\"><div id=\"preloader-20869e3f5be2da66\" class=\"sliderpreloader\"><\/div><ul style=\"display:none;\" class=\"slides flexslider-20869e3f5be2da66\"><li class=\"ewic-slider\"><img decoding=\"async\" title=\"Made in 3D\" class=\"ewic-wid-imgs\" src=\"https:\/\/sciences-tec.fr\/madein3D\/wp-content\/uploads\/2023\/11\/logomadein3D.png\" \/><p class=\"flex-caption\">Made in 3D<\/p><\/li><li class=\"ewic-slider\"><img decoding=\"async\" title=\"R\u00e9pondre \u00e0 un besoin\" class=\"ewic-wid-imgs\" src=\"https:\/\/sciences-tec.fr\/madein3D\/wp-content\/uploads\/2023\/11\/OIG-2.jpg\" \/><p class=\"flex-caption\">R\u00e9pondre \u00e0 un besoin<\/p><\/li><li class=\"ewic-slider\"><img decoding=\"async\" title=\"Concevoir\" class=\"ewic-wid-imgs\" src=\"https:\/\/sciences-tec.fr\/madein3D\/wp-content\/uploads\/2023\/11\/madein3D.jpg\" \/><p class=\"flex-caption\">Concevoir<\/p><\/li><li class=\"ewic-slider\"><img decoding=\"async\" title=\"Fabriquer\" class=\"ewic-wid-imgs\" src=\"https:\/\/sciences-tec.fr\/madein3D\/wp-content\/uploads\/2023\/11\/OIG-25.jpg\" \/><p class=\"flex-caption\">Fabriquer<\/p><\/li><li class=\"ewic-slider\"><img decoding=\"async\" title=\"Collaborer\" class=\"ewic-wid-imgs\" src=\"https:\/\/sciences-tec.fr\/madein3D\/wp-content\/uploads\/2023\/11\/OIG-37.jpg\" \/><p class=\"flex-caption\">Collaborer<\/p><\/li><\/ul><script type=\"text\/javascript\">\r\n\tjQuery(document).ready(function($) {\r\n\r\n\t\t$(\"#preloader-20869e3f5be2da66\").fadeOut(500, function () {\r\n\r\n\t\t\t$(\"#ewic-con-20869e3f5be2da66\").addClass(\"ready_to_show\");\r\n\r\n\t\t\t$(\"a[rel^='ewicprettyPhoto[20869e3f5be2da66]']\").ewcPhoto({\r\n\t\t\t\ttheme: \"ewc_default\",\r\n\t\t\t\tallow_expand: false,\r\n\t\t\t\tdeeplinking: false,\r\n\t\t\t\tslideshow:5000,\r\n\t\t\t\tautoplay_slideshow:false,\r\n\t\t\t\tsocial_tools:false\r\n\t\t\t});\r\n\r\n\t\t\t$(\".flexslider-20869e3f5be2da66\").fadeIn(300);\r\n\r\n\t\t\t$(\"#ewic-con-20869e3f5be2da66\").flexslider({\r\n\t\t\t\tanimation: \"slide\",\r\n\t\t\t\tanimationSpeed: 0,\r\n\t\t\t\tuseCSS: false,\r\n\t\t\t\teasing: \"easeInQuad\",\r\n\t\t\t\tdirection: \"horizontal\",\r\n\t\t\t\tslideshow: true,\r\n\t\t\t\tsmoothHeight: true,\r\n\t\t\t\tpauseOnHover: true,\r\n\t\t\t\tcontrolNav: false,\r\n\t\t\t\tprevText: \"\",\r\n\t\t\t\tnextText: \"\",\r\n\t\t\t\trtl: false,\r\n\t\t\t\tslideshowSpeed: 5000,\r\n\t\t\t\tstart: function(slider){\r\n\t\t\t\t\t$(\"#ewic-con-20869e3f5be2da66\").find(\".flex-caption\").hide();\r\n\t\t\t\t\tvar curSlide = slider.find(\"li.flex-active-slide\");\r\n\t\t\t\t\t$(curSlide).find(\".flex-caption\").slideDown();\r\n\t\t\t\t},\r\n\t\t\t\tbefore: function(slider) {\r\n\t\t\t\t\t$(\"#ewic-con-20869e3f5be2da66\").find(\".flex-caption\").slideUp();\r\n\t\t\t\t},\r\n\t\t\t\tafter: function(slider) {\r\n\t\t\t\t\tvar curSlide = slider.find(\"li.flex-active-slide\");\r\n\t\t\t\t\t$(curSlide).find(\".flex-caption\").slideDown();\r\n\t\t\t\t}\r\n\r\n\t\t\t});\r\n\r\n\t\t});\r\n\r\n\t});\r\n<\/script><\/div>\r\n\n\n\n<div class=\"wp-block-buttons is-layout-flex wp-block-buttons-is-layout-flex\">\n<div class=\"wp-block-button\"><a class=\"wp-block-button__link wp-element-button\" href=\"https:\/\/eu1.iam.3dexperience.3ds.com\/login?serverId=FRONT_3&amp;service=https%3A\/\/r1132100926410-eu1-academia-ifwe.3dexperience.3ds.com\/\" target=\"_blank\" rel=\"noreferrer noopener\">3DEXPERIENCE<\/a><\/div>\n<\/div>\n","protected":false},"excerpt":{"rendered":"<p>Situation d\u00e9clanchante Septembre &#8211; d\u00e9cembre : phase de mise en place et id\u00e9ation&nbsp;Cr\u00e9ation des startups, phase de brainstorming, choix du sujet et \u00e9laboration du logo&nbsp;Livrable : r\u00e9alisation d\u2019une pr\u00e9sentation r\u00e9sumant la mise en place du &nbsp;projet au sein des start-up. Janvier &#8211; mars : phase de conception et fabricationConception, comparatif, tests, fabrication des produits par &hellip; <\/p>\n<p class=\"link-more\"><a href=\"https:\/\/sciences-tec.fr\/madein3D\/easyimagesldr\/projet\/\" class=\"more-link\">Continuer la lecture<span class=\"screen-reader-text\"> de &laquo;&nbsp;projet&nbsp;&raquo;<\/span><\/a><\/p>\n","protected":false},"author":1,"featured_media":0,"parent":0,"menu_order":0,"comment_status":"closed","ping_status":"closed","template":"","meta":{"footnotes":""},"class_list":["post-103","page","type-page","status-publish","hentry"],"_links":{"self":[{"href":"https:\/\/sciences-tec.fr\/madein3D\/wp-json\/wp\/v2\/pages\/103","targetHints":{"allow":["GET"]}}],"collection":[{"href":"https:\/\/sciences-tec.fr\/madein3D\/wp-json\/wp\/v2\/pages"}],"about":[{"href":"https:\/\/sciences-tec.fr\/madein3D\/wp-json\/wp\/v2\/types\/page"}],"author":[{"embeddable":true,"href":"https:\/\/sciences-tec.fr\/madein3D\/wp-json\/wp\/v2\/users\/1"}],"replies":[{"embeddable":true,"href":"https:\/\/sciences-tec.fr\/madein3D\/wp-json\/wp\/v2\/comments?post=103"}],"version-history":[{"count":13,"href":"https:\/\/sciences-tec.fr\/madein3D\/wp-json\/wp\/v2\/pages\/103\/revisions"}],"predecessor-version":[{"id":291,"href":"https:\/\/sciences-tec.fr\/madein3D\/wp-json\/wp\/v2\/pages\/103\/revisions\/291"}],"wp:attachment":[{"href":"https:\/\/sciences-tec.fr\/madein3D\/wp-json\/wp\/v2\/media?parent=103"}],"curies":[{"name":"wp","href":"https:\/\/api.w.org\/{rel}","templated":true}]}}