{"id":101,"date":"2023-11-26T12:50:34","date_gmt":"2023-11-26T11:50:34","guid":{"rendered":"https:\/\/sciences-tec.fr\/madein3D\/?page_id=101"},"modified":"2024-04-16T09:54:57","modified_gmt":"2024-04-16T07:54:57","slug":"objectif3","status":"publish","type":"page","link":"https:\/\/sciences-tec.fr\/madein3D\/objectif3\/","title":{"rendered":"Phase#3"},"content":{"rendered":"<p><iframe style=\"width: 100%;margin: 0; border:none;\" src=\"https:\/\/sciences-tec.fr\/madein3D\/compterebours\/week.php\"><\/iframe><\/p>\n\n\n\n<p>Il est pr\u00e9conis\u00e9 \u00e0 cette \u00e9tape de ne conserver qu&rsquo;un seul projet.<br>Pour des raisons de faisabilit\u00e9 technique, d&rsquo;originalit\u00e9 et de pertinence, c&rsquo;est le projet de la startup \u00ab\u00a0Chatbow\u00a0\u00bb que j&rsquo;ai retenu (<a href=\"https:\/\/sciences-tec.fr\/madein3D\/doud03\/\">https:\/\/sciences-tec.fr\/madein3D\/doud03\/<\/a>)<\/p>\n\n\n\n<p><strong>Chaque \u00e9quipe devra proposer une solution pour concr\u00e9tiser l&rsquo;id\u00e9e de cette \u00e9quipe, r\u00e9aliser le<a href=\"https:\/\/sciences-tec.fr\/madein3D\/wp-content\/uploads\/2023\/11\/2LAMAP-Ressources-phase-2-Conception-et-creation_compressed.pdf\"> livrable n\u00b02<\/a> pour cette id\u00e9e et cr\u00e9er<a href=\"https:\/\/sciences-tec.fr\/madein3D\/wp-content\/uploads\/2023\/11\/3LAMAP-Ressources-phase-3-Promotion-et-valorisation_compressed.pdf\"> une vid\u00e9o de 120 secondes maximum<\/a>.<\/strong><\/p>\n\n\n\n<p><strong>L&rsquo;ensemble des t\u00e2ches est \u00e0 r\u00e9aliser pour la fin de la <mark style=\"background-color:rgba(0, 0, 0, 0)\" class=\"has-inline-color has-accent-color\">semaine <\/mark>20 (vendredi 17 mai 2024 envoi pour le concours).<\/strong><br><strong><mark style=\"background-color:rgba(0, 0, 0, 0)\" class=\"has-inline-color has-vivid-red-color\">Chaque t\u00e2che r\u00e9alis\u00e9e occasionnera un article sur votre site d&rsquo;\u00e9quipe.<\/mark><\/strong><br>Rappel : r\u00e9alisez des captures d&rsquo;\u00e9cran avec  l&rsquo;outil, bien nomm\u00e9, Outil Capture d&rsquo;\u00e9cran :<\/p>\n\n\n\n<figure class=\"wp-block-image size-full\"><img loading=\"lazy\" decoding=\"async\" width=\"280\" height=\"64\" src=\"https:\/\/sciences-tec.fr\/madein3D\/wp-content\/uploads\/2024\/01\/outil_capture.jpg\" alt=\"\" class=\"wp-image-314\"\/><\/figure>\n\n\n\n<p>Id\u00e9e du projet : Permettre aux personnes mal-voyantes de conna\u00eetre la position du bord d&rsquo;arriv\u00e9e de la piscine afin de conserver une bonne trajectoire et de ne pas heurter le bord de la piscine. Un \u00e9metteur sonore est plac\u00e9 dans un skimmer flottant.<\/p>\n\n\n\n<p><strong>Vous devez concevoir une pi\u00e8ce en 3 dimensions permettant le positionnement du circuit \u00e9lectronique dans le skimmer et assurer l&rsquo;\u00e9tanch\u00e9it\u00e9 (IP 65).<\/strong><\/p>\n\n\n\n<p>Vous disposez pour se faire :<\/p>\n\n\n\n<ol class=\"wp-block-list\">\n<li>Le mod\u00e8le 3D du skimmer afin de s&rsquo;assurer du bon positionnement de votre pi\u00e8ce \u00e0 l&rsquo;int\u00e9rieur (T\u00e9l\u00e9charger puis clic-droit \u00ab\u00a0extraire tout&#8230; \u00a0\u00bb sur le fichier t\u00e9l\u00e9charg\u00e9) :<\/li>\n<\/ol>\n\n\n\n<div class=\"wp-block-file\"><a id=\"wp-block-file--media-4fa9abdd-74b1-4c88-b1ff-937ae7210152\" href=\"https:\/\/sciences-tec.fr\/madein3D\/wp-content\/uploads\/2024\/04\/skimmer.zip\">skimmer<\/a><a href=\"https:\/\/sciences-tec.fr\/madein3D\/wp-content\/uploads\/2024\/04\/skimmer.zip\" class=\"wp-block-file__button wp-element-button\" download aria-describedby=\"wp-block-file--media-4fa9abdd-74b1-4c88-b1ff-937ae7210152\">T\u00e9l\u00e9charger<\/a><\/div>\n\n\n\n<figure class=\"wp-block-image size-large is-resized\"><img loading=\"lazy\" decoding=\"async\" width=\"738\" height=\"1024\" src=\"https:\/\/sciences-tec.fr\/madein3D\/wp-content\/uploads\/2024\/04\/skimmer-738x1024.jpg\" alt=\"\" class=\"wp-image-330\" style=\"width:674px;height:auto\" srcset=\"https:\/\/sciences-tec.fr\/madein3D\/wp-content\/uploads\/2024\/04\/skimmer-738x1024.jpg 738w, https:\/\/sciences-tec.fr\/madein3D\/wp-content\/uploads\/2024\/04\/skimmer-216x300.jpg 216w, https:\/\/sciences-tec.fr\/madein3D\/wp-content\/uploads\/2024\/04\/skimmer-768x1066.jpg 768w, https:\/\/sciences-tec.fr\/madein3D\/wp-content\/uploads\/2024\/04\/skimmer.jpg 1078w\" sizes=\"auto, (max-width: 738px) 100vw, 738px\" \/><\/figure>\n\n\n\n<p>2. Les caract\u00e9ristiques du circuit \u00e9lectronique :<\/p>\n\n\n\n<figure class=\"wp-block-image size-full is-resized\"><img loading=\"lazy\" decoding=\"async\" width=\"332\" height=\"771\" src=\"https:\/\/sciences-tec.fr\/madein3D\/wp-content\/uploads\/2024\/04\/715mwvEeQNL._AC_SX679.jpg\" alt=\"\" class=\"wp-image-331\" style=\"width:674px;height:auto\" srcset=\"https:\/\/sciences-tec.fr\/madein3D\/wp-content\/uploads\/2024\/04\/715mwvEeQNL._AC_SX679.jpg 332w, https:\/\/sciences-tec.fr\/madein3D\/wp-content\/uploads\/2024\/04\/715mwvEeQNL._AC_SX679-129x300.jpg 129w\" sizes=\"auto, (max-width: 332px) 100vw, 332px\" \/><\/figure>\n\n\n\n<p>3. Les normes IP (indice de protection) pour l&rsquo;\u00e9tanch\u00e9it\u00e9.<\/p>\n\n\n\n<figure class=\"wp-block-image size-large\"><img loading=\"lazy\" decoding=\"async\" width=\"1024\" height=\"767\" src=\"https:\/\/sciences-tec.fr\/madein3D\/wp-content\/uploads\/2024\/04\/indice-ip-schema-1024x767.png\" alt=\"\" class=\"wp-image-332\" srcset=\"https:\/\/sciences-tec.fr\/madein3D\/wp-content\/uploads\/2024\/04\/indice-ip-schema-1024x767.png 1024w, https:\/\/sciences-tec.fr\/madein3D\/wp-content\/uploads\/2024\/04\/indice-ip-schema-300x225.png 300w, https:\/\/sciences-tec.fr\/madein3D\/wp-content\/uploads\/2024\/04\/indice-ip-schema-768x575.png 768w, https:\/\/sciences-tec.fr\/madein3D\/wp-content\/uploads\/2024\/04\/indice-ip-schema.png 1175w\" sizes=\"auto, (max-width: 767px) 89vw, (max-width: 1000px) 54vw, (max-width: 1071px) 543px, 580px\" \/><\/figure>\n\n\n\n<p>4. Le son du tracker (circuit \u00e9lectronique) et des clips vid\u00e9os libres pour illustrer votre vid\u00e9o (Enregistrer la vid\u00e9o sous&#8230;).<\/p>\n\n\n\n<div class=\"wp-block-file\"><a id=\"wp-block-file--media-71065bbe-0e59-42c6-8221-350288df9aaf\" href=\"https:\/\/sciences-tec.fr\/madein3D\/wp-content\/uploads\/2024\/04\/son-bip-skimmer.mp3\">son-bip-skimmer<\/a><a href=\"https:\/\/sciences-tec.fr\/madein3D\/wp-content\/uploads\/2024\/04\/son-bip-skimmer.mp3\" class=\"wp-block-file__button wp-element-button\" download aria-describedby=\"wp-block-file--media-71065bbe-0e59-42c6-8221-350288df9aaf\">T\u00e9l\u00e9charger<\/a><\/div>\n\n\n\n<p><\/p>\n\n\n\n<figure class=\"wp-block-video\"><video controls src=\"https:\/\/sciences-tec.fr\/madein3D\/wp-content\/uploads\/2024\/04\/78059-564490562_small-1.mp4\"><\/video><\/figure>\n\n\n\n<figure class=\"wp-block-video\"><video controls src=\"https:\/\/sciences-tec.fr\/madein3D\/wp-content\/uploads\/2024\/04\/139951-774012541_medium.mp4\"><\/video><\/figure>\n\n\n\n<figure class=\"wp-block-video\"><video controls src=\"https:\/\/sciences-tec.fr\/madein3D\/wp-content\/uploads\/2024\/04\/21787-321309757_medium.mp4\"><\/video><\/figure>\n\n\n\n<figure class=\"wp-block-video\"><video controls src=\"https:\/\/sciences-tec.fr\/madein3D\/wp-content\/uploads\/2024\/04\/34283-400974384_medium.mp4\"><\/video><\/figure>\n\n\n\n<figure class=\"wp-block-video\"><video controls src=\"https:\/\/sciences-tec.fr\/madein3D\/wp-content\/uploads\/2024\/04\/50110-459949622_small.mp4\"><\/video><\/figure>\n\n\n\n<p>5. Ressources de logiciels :<\/p>\n\n\n\n<p>\u2022 Logiciel de montage Shotcut : <a href=\"https:\/\/shotcut.org\/download\/\">https:\/\/shotcut.org\/download\/<\/a><\/p>\n\n\n\n<p>\u2022 T\u00e9l\u00e9charger une vid\u00e9o Youtube&nbsp;: <a href=\"https:\/\/www.freemake.com\/fr\/free_video_downloader\/\">https:\/\/www.freemake.com\/fr\/free_video_downloader\/<\/a><br>(dans le cadre de l&rsquo;exception p\u00e9dagogique : <a href=\"https:\/\/documentation.ac-versailles.fr\/spip.php?article726\">https:\/\/documentation.ac-versailles.fr\/spip.php?article726<\/a>)<br>Attention ce site va peut-\u00eatre vous forcer \u00e0 t\u00e9l\u00e9charger un programme (fichier exe), ce n&rsquo;est pas souhaitable. Vous ne devez r\u00e9cup\u00e9rer que des fichiers vid\u00e9os (mp4).<\/p>\n\n\n\n<p>\u2022 Une voix de synth\u00e8se pour votre voix off : <a href=\"https:\/\/www.naturalreaders.com\/online\/\">https:\/\/www.naturalreaders.com\/online\/<\/a><\/p>\n\n\n\n<p>\u2022 Capture vid\u00e9o (image et son) avec Windows : touche Windows + G<\/p>\n\n\n\n<p>6. Les attendus du concours :<\/p>\n\n\n\n<div data-wp-interactive=\"core\/file\" class=\"wp-block-file\"><object data-wp-bind--hidden=\"!state.hasPdfPreview\" hidden class=\"wp-block-file__embed\" data=\"https:\/\/sciences-tec.fr\/madein3D\/wp-content\/uploads\/2023\/11\/3LAMAP-Ressources-phase-3-Promotion-et-valorisation_compressed.pdf\" type=\"application\/pdf\" style=\"width:100%;height:600px\" aria-label=\"Contenu embarqu\u00e9 3LAMAP - Ressources phase 3 - Promotion et valorisation_compressed.\"><\/object><a id=\"wp-block-file--media-f7a1454b-3183-4249-9f2e-7e3a8c2c26d5\" href=\"https:\/\/sciences-tec.fr\/madein3D\/wp-content\/uploads\/2023\/11\/3LAMAP-Ressources-phase-3-Promotion-et-valorisation_compressed.pdf\">3LAMAP &#8211; Ressources phase 3 &#8211; Promotion et valorisation_compressed<\/a><a href=\"https:\/\/sciences-tec.fr\/madein3D\/wp-content\/uploads\/2023\/11\/3LAMAP-Ressources-phase-3-Promotion-et-valorisation_compressed.pdf\" class=\"wp-block-file__button wp-element-button\" download aria-describedby=\"wp-block-file--media-f7a1454b-3183-4249-9f2e-7e3a8c2c26d5\">T\u00e9l\u00e9charger<\/a><\/div>\n\n\n\n<div data-wp-interactive=\"core\/file\" class=\"wp-block-file\"><object data-wp-bind--hidden=\"!state.hasPdfPreview\" hidden class=\"wp-block-file__embed\" data=\"https:\/\/sciences-tec.fr\/madein3D\/wp-content\/uploads\/2023\/11\/4LAMAP-Ressources-Pre-selection-des-finalistes_compressed.pdf\" type=\"application\/pdf\" style=\"width:100%;height:600px\" aria-label=\"Contenu embarqu\u00e9 4LAMAP - Ressources Pr\u00e9-s\u00e9lection des finalistes_compressed.\"><\/object><a id=\"wp-block-file--media-72b7894e-3f8d-4bb7-8e2b-722da5159597\" href=\"https:\/\/sciences-tec.fr\/madein3D\/wp-content\/uploads\/2023\/11\/4LAMAP-Ressources-Pre-selection-des-finalistes_compressed.pdf\">4LAMAP &#8211; Ressources Pr\u00e9-s\u00e9lection des finalistes_compressed<\/a><a href=\"https:\/\/sciences-tec.fr\/madein3D\/wp-content\/uploads\/2023\/11\/4LAMAP-Ressources-Pre-selection-des-finalistes_compressed.pdf\" class=\"wp-block-file__button wp-element-button\" download aria-describedby=\"wp-block-file--media-72b7894e-3f8d-4bb7-8e2b-722da5159597\">T\u00e9l\u00e9charger<\/a><\/div>\n\n\n\n<div data-wp-interactive=\"core\/file\" class=\"wp-block-file\"><object data-wp-bind--hidden=\"!state.hasPdfPreview\" hidden class=\"wp-block-file__embed\" data=\"https:\/\/sciences-tec.fr\/madein3D\/wp-content\/uploads\/2023\/11\/5LAMAP-Ressources-Presentation-finale-_compressed.pdf\" type=\"application\/pdf\" style=\"width:100%;height:600px\" aria-label=\"Contenu embarqu\u00e9 5LAMAP - Ressources Pr\u00e9sentation finale _compressed.\"><\/object><a id=\"wp-block-file--media-6ccd4e80-d2e4-4d0d-8f01-6f3749cc8a2c\" href=\"https:\/\/sciences-tec.fr\/madein3D\/wp-content\/uploads\/2023\/11\/5LAMAP-Ressources-Presentation-finale-_compressed.pdf\">5LAMAP &#8211; Ressources Pr\u00e9sentation finale _compressed<\/a><a href=\"https:\/\/sciences-tec.fr\/madein3D\/wp-content\/uploads\/2023\/11\/5LAMAP-Ressources-Presentation-finale-_compressed.pdf\" class=\"wp-block-file__button wp-element-button\" download aria-describedby=\"wp-block-file--media-6ccd4e80-d2e4-4d0d-8f01-6f3749cc8a2c\">T\u00e9l\u00e9charger<\/a><\/div>\n","protected":false},"excerpt":{"rendered":"<p>Il est pr\u00e9conis\u00e9 \u00e0 cette \u00e9tape de ne conserver qu&rsquo;un seul projet.Pour des raisons de faisabilit\u00e9 technique, d&rsquo;originalit\u00e9 et de pertinence, c&rsquo;est le projet de la startup \u00ab\u00a0Chatbow\u00a0\u00bb que j&rsquo;ai retenu (https:\/\/sciences-tec.fr\/madein3D\/doud03\/) Chaque \u00e9quipe devra proposer une solution pour concr\u00e9tiser l&rsquo;id\u00e9e de cette \u00e9quipe, r\u00e9aliser le livrable n\u00b02 pour cette id\u00e9e et cr\u00e9er une vid\u00e9o &hellip; <\/p>\n<p class=\"link-more\"><a href=\"https:\/\/sciences-tec.fr\/madein3D\/objectif3\/\" class=\"more-link\">Continuer la lecture<span class=\"screen-reader-text\"> de &laquo;&nbsp;Phase#3&nbsp;&raquo;<\/span><\/a><\/p>\n","protected":false},"author":1,"featured_media":0,"parent":0,"menu_order":0,"comment_status":"closed","ping_status":"closed","template":"","meta":{"footnotes":""},"class_list":["post-101","page","type-page","status-publish","hentry"],"_links":{"self":[{"href":"https:\/\/sciences-tec.fr\/madein3D\/wp-json\/wp\/v2\/pages\/101","targetHints":{"allow":["GET"]}}],"collection":[{"href":"https:\/\/sciences-tec.fr\/madein3D\/wp-json\/wp\/v2\/pages"}],"about":[{"href":"https:\/\/sciences-tec.fr\/madein3D\/wp-json\/wp\/v2\/types\/page"}],"author":[{"embeddable":true,"href":"https:\/\/sciences-tec.fr\/madein3D\/wp-json\/wp\/v2\/users\/1"}],"replies":[{"embeddable":true,"href":"https:\/\/sciences-tec.fr\/madein3D\/wp-json\/wp\/v2\/comments?post=101"}],"version-history":[{"count":22,"href":"https:\/\/sciences-tec.fr\/madein3D\/wp-json\/wp\/v2\/pages\/101\/revisions"}],"predecessor-version":[{"id":359,"href":"https:\/\/sciences-tec.fr\/madein3D\/wp-json\/wp\/v2\/pages\/101\/revisions\/359"}],"wp:attachment":[{"href":"https:\/\/sciences-tec.fr\/madein3D\/wp-json\/wp\/v2\/media?parent=101"}],"curies":[{"name":"wp","href":"https:\/\/api.w.org\/{rel}","templated":true}]}}